{"id":56,"date":"2020-02-18T11:55:45","date_gmt":"2020-02-18T11:55:45","guid":{"rendered":"https:\/\/demo03.houzez.co\/?page_id=56"},"modified":"2026-02-10T18:31:26","modified_gmt":"2026-02-10T18:31:26","slug":"our-team","status":"publish","type":"page","link":"https:\/\/maremont.me\/tr\/about-us\/our-team\/","title":{"rendered":"Ekibimiz"},"content":{"rendered":"<p><strong>\u201cMaremont Real Estate &amp; Construction b\u00fcnyesindeki ekibimiz; stratejik vizyonu, sekt\u00f6r uzmanl\u0131\u011f\u0131n\u0131 ve operasyonel m\u00fckemmeliyeti ayn\u0131 potada bulu\u015fturur. M\u00fc\u015fteri odakl\u0131 yakla\u015f\u0131m\u0131m\u0131zla her projede y\u00fcksek hassasiyetle \u00e7\u00f6z\u00fcmler \u00fcretir, uzun vadeli de\u011fer yarat\u0131r\u0131z. Ekibimizin her \u00fcyesi profesyonellik, etik ve \u00f6l\u00e7\u00fclebilir ba\u015far\u0131 ilkeleriyle hareket eder. Birlikte yat\u0131r\u0131mlar\u0131 s\u00fcrd\u00fcr\u00fclebilir ba\u015far\u0131ya d\u00f6n\u00fc\u015ft\u00fcr\u00fcyoruz.\u201d<\/strong><\/p>\n","protected":false},"excerpt":{"rendered":"<p>\u201cMaremont Real Estate &amp; Construction b\u00fcnyesindeki ekibimiz; stratejik vizyonu, sekt\u00f6r uzmanl\u0131\u011f\u0131n\u0131 ve operasyonel m\u00fckemmeliyeti ayn\u0131 potada bulu\u015fturur. M\u00fc\u015fteri odakl\u0131 yakla\u015f\u0131m\u0131m\u0131zla her projede y\u00fcksek hassasiyetle \u00e7\u00f6z\u00fcmler \u00fcretir, uzun vadeli de\u011fer yarat\u0131r\u0131z. Ekibimizin her \u00fcyesi profesyonellik, etik ve \u00f6l\u00e7\u00fclebilir ba\u015far\u0131 ilkeleriyle hareket eder. Birlikte yat\u0131r\u0131mlar\u0131 s\u00fcrd\u00fcr\u00fclebilir ba\u015far\u0131ya d\u00f6n\u00fc\u015ft\u00fcr\u00fcyoruz.\u201d<\/p>\n","protected":false},"author":1,"featured_media":0,"parent":16650,"menu_order":0,"comment_status":"closed","ping_status":"closed","template":"template\/template-agents.php","meta":{"footnotes":""},"_links":{"self":[{"href":"https:\/\/maremont.me\/tr\/wp-json\/wp\/v2\/pages\/56"}],"collection":[{"href":"https:\/\/maremont.me\/tr\/wp-json\/wp\/v2\/pages"}],"about":[{"href":"https:\/\/maremont.me\/tr\/wp-json\/wp\/v2\/types\/page"}],"author":[{"embeddable":true,"href":"https:\/\/maremont.me\/tr\/wp-json\/wp\/v2\/users\/1"}],"replies":[{"embeddable":true,"href":"https:\/\/maremont.me\/tr\/wp-json\/wp\/v2\/comments?post=56"}],"version-history":[{"count":4,"href":"https:\/\/maremont.me\/tr\/wp-json\/wp\/v2\/pages\/56\/revisions"}],"predecessor-version":[{"id":25844,"href":"https:\/\/maremont.me\/tr\/wp-json\/wp\/v2\/pages\/56\/revisions\/25844"}],"up":[{"embeddable":true,"href":"https:\/\/maremont.me\/tr\/wp-json\/wp\/v2\/pages\/16650"}],"wp:attachment":[{"href":"https:\/\/maremont.me\/tr\/wp-json\/wp\/v2\/media?parent=56"}],"curies":[{"name":"wp","href":"https:\/\/api.w.org\/{rel}","templated":true}]}}