{"id":4258,"date":"2017-01-10T11:00:36","date_gmt":"2017-01-10T11:00:36","guid":{"rendered":"https:\/\/default.houzez.co\/?page_id=4258"},"modified":"2026-02-10T19:54:36","modified_gmt":"2026-02-10T19:54:36","slug":"moving","status":"publish","type":"page","link":"https:\/\/maremont.me\/tr\/our-services\/moving\/","title":{"rendered":"Raporlama ve Destek Hizmeti"},"content":{"rendered":"<p><strong>Karada\u011f\u2019daki Yat\u0131r\u0131mlar\u0131n\u0131zda Stratejik \u00c7\u00f6z\u00fcm Orta\u011f\u0131n\u0131z<\/strong><\/p>\n<p>Maremont Real Estate &amp; Construction olarak, m\u00fc\u015fterilerimizin Karada\u011f\u2019daki ticari hedeflerini ger\u00e7e\u011fe d\u00f6n\u00fc\u015ft\u00fcrmek i\u00e7in kapsaml\u0131 bir dan\u0131\u015fmanl\u0131k a\u011f\u0131 sunuyoruz. \u015eirket kurulum s\u00fcrecinden operasyonel ba\u015far\u0131ya kadar her ad\u0131mda yan\u0131n\u0131zday\u0131z.<\/p>\n<ul>\n<li><strong>Pazar Analizi ve Fizibilite:<\/strong> Ba\u015fta \u00e7\u00f6z\u00fcm orta\u011f\u0131m\u0131z <strong>Maremont Global Consulting &amp; Marketing<\/strong> olmak \u00fczere, yerel uzman a\u011f\u0131m\u0131zla birlikte, kurmak istedi\u011finiz \u015firketin faaliyet alan\u0131na \u00f6zel detayl\u0131 fizibilite raporlar\u0131 haz\u0131rl\u0131yoruz.<\/li>\n<li><strong>Resmi \u0130li\u015fkiler Y\u00f6netimi:<\/strong> Yat\u0131r\u0131m s\u00fcrecinizin h\u0131zlanmas\u0131 i\u00e7in ilgili kamu kurum ve kurulu\u015flar\u0131 ile do\u011frudan irtibata ge\u00e7menizi sa\u011fl\u0131yor, b\u00fcrokratik s\u00fcre\u00e7leri sizin ad\u0131n\u0131za kolayla\u015ft\u0131r\u0131yoruz.<\/li>\n<li><strong>Teoriden Prati\u011fe Destek:<\/strong> Sadece ka\u011f\u0131t \u00fczerinde de\u011fil, sahada da yan\u0131n\u0131zday\u0131z. Stratejik planlamadan uygulama a\u015famas\u0131na kadar tam kapsaml\u0131 profesyonel destek sunuyoruz.<\/li>\n<\/ul>\n<p>&nbsp;<\/p>\n","protected":false},"excerpt":{"rendered":"<p>Karada\u011f\u2019daki Yat\u0131r\u0131mlar\u0131n\u0131zda Stratejik \u00c7\u00f6z\u00fcm Orta\u011f\u0131n\u0131z Maremont Real Estate &amp; Construction olarak, m\u00fc\u015fterilerimizin Karada\u011f\u2019daki ticari hedeflerini ger\u00e7e\u011fe d\u00f6n\u00fc\u015ft\u00fcrmek i\u00e7in kapsaml\u0131 bir dan\u0131\u015fmanl\u0131k a\u011f\u0131 sunuyoruz. \u015eirket kurulum s\u00fcrecinden operasyonel ba\u015far\u0131ya kadar her ad\u0131mda yan\u0131n\u0131zday\u0131z. Pazar Analizi ve Fizibilite: Ba\u015fta \u00e7\u00f6z\u00fcm orta\u011f\u0131m\u0131z Maremont Global Consulting &amp; Marketing olmak \u00fczere, yerel uzman a\u011f\u0131m\u0131zla birlikte, kurmak istedi\u011finiz \u015firketin faaliyet alan\u0131na [&hellip;]<\/p>\n","protected":false},"author":1,"featured_media":22277,"parent":58,"menu_order":0,"comment_status":"closed","ping_status":"closed","template":"template\/template-maremont-page.php","meta":{"footnotes":""},"_links":{"self":[{"href":"https:\/\/maremont.me\/tr\/wp-json\/wp\/v2\/pages\/4258"}],"collection":[{"href":"https:\/\/maremont.me\/tr\/wp-json\/wp\/v2\/pages"}],"about":[{"href":"https:\/\/maremont.me\/tr\/wp-json\/wp\/v2\/types\/page"}],"author":[{"embeddable":true,"href":"https:\/\/maremont.me\/tr\/wp-json\/wp\/v2\/users\/1"}],"replies":[{"embeddable":true,"href":"https:\/\/maremont.me\/tr\/wp-json\/wp\/v2\/comments?post=4258"}],"version-history":[{"count":4,"href":"https:\/\/maremont.me\/tr\/wp-json\/wp\/v2\/pages\/4258\/revisions"}],"predecessor-version":[{"id":25850,"href":"https:\/\/maremont.me\/tr\/wp-json\/wp\/v2\/pages\/4258\/revisions\/25850"}],"up":[{"embeddable":true,"href":"https:\/\/maremont.me\/tr\/wp-json\/wp\/v2\/pages\/58"}],"wp:featuredmedia":[{"embeddable":true,"href":"https:\/\/maremont.me\/tr\/wp-json\/wp\/v2\/media\/22277"}],"wp:attachment":[{"href":"https:\/\/maremont.me\/tr\/wp-json\/wp\/v2\/media?parent=4258"}],"curies":[{"name":"wp","href":"https:\/\/api.w.org\/{rel}","templated":true}]}}