{"id":2706,"date":"2016-10-13T18:20:06","date_gmt":"2016-10-13T18:20:06","guid":{"rendered":"https:\/\/default.houzez.co\/?page_id=2706"},"modified":"2026-02-10T19:42:49","modified_gmt":"2026-02-10T19:42:49","slug":"inspection-trip","status":"publish","type":"page","link":"https:\/\/maremont.me\/tr\/our-services\/inspection-trip\/","title":{"rendered":"\u0130nceleme Gezisi"},"content":{"rendered":"<p><strong>\u0130nceleme Gezisi Program\u0131<\/strong><\/p>\n<p>Maremont Real Estate &amp; Construction olarak m\u00fc\u015fterilerimize \u00f6zel olarak yap\u0131land\u0131r\u0131lm\u0131\u015f <strong>\u0130nceleme Gezisi Program\u0131<\/strong> sunmaktay\u0131z. Bu program kapsam\u0131nda, m\u00fc\u015fterilerimizin \u00f6n talepleri do\u011frultusunda hedeflenen gayrimenkulleri i\u00e7eren \u00f6zel bir portf\u00f6y olu\u015fturulmaktad\u0131r. Haz\u0131rlanan portf\u00f6y, Karada\u011f\u2019a gelmeden \u00f6nce m\u00fc\u015fterilerimizle payla\u015f\u0131lmakta ve t\u00fcm inceleme s\u00fcreci planl\u0131 \u015fekilde organize edilmektedir.<\/p>\n<p>Karada\u011f\u2019a var\u0131\u015f\u0131n ard\u0131ndan, m\u00fc\u015fterilerimizin portf\u00f6y i\u00e7erisinden se\u00e7ti\u011fi gayrimenkuller do\u011frudan yerinde g\u00f6sterilmekte, b\u00f6ylece zaman kayb\u0131 ya\u015fanmadan verimli bir inceleme s\u00fcreci sa\u011flanmaktad\u0131r. Bununla birlikte yaln\u0131zca m\u00fclk tan\u0131t\u0131m\u0131 de\u011fil, ya\u015fam ve yat\u0131r\u0131m perspektifi sunan kapsaml\u0131 bir \u015fehir deneyimi olu\u015fturulmaktad\u0131r.<\/p>\n<p>M\u00fc\u015fterilerimize yat\u0131r\u0131m yapmay\u0131 planlad\u0131klar\u0131 \u015fehirler detayl\u0131 olarak gezdirilerek b\u00f6lgenin sosyal, k\u00fclt\u00fcrel ve ekonomik yap\u0131s\u0131 yak\u0131ndan tan\u0131t\u0131lmaktad\u0131r. \u015eehrin g\u00fcnd\u00fcz ve gece ya\u015fam\u0131, ya\u015fam ritmi ve sosyal alanlar\u0131 profesyonel rehberlik e\u015fli\u011finde aktar\u0131lmaktad\u0131r. Ayr\u0131ca plajlar, kayak merkezleri, do\u011fa y\u00fcr\u00fcy\u00fc\u015f alanlar\u0131 ve ya\u015fam kalitesini do\u011frudan etkileyen do\u011fal destinasyonlar ziyaret ettirilerek Karada\u011f\u2019da ya\u015fam t\u00fcm y\u00f6nleriyle deneyimlenmektedir.<\/p>\n<p>Bu program, m\u00fc\u015fterilerimizin yaln\u0131zca gayrimenkul de\u011fil, do\u011fru \u015fehir, do\u011fru ya\u015fam modeli ve do\u011fru yat\u0131r\u0131m karar\u0131n\u0131 bilin\u00e7li \u015fekilde vermesini ama\u00e7layan b\u00fct\u00fcnc\u00fcl bir hizmet anlay\u0131\u015f\u0131yla yap\u0131land\u0131r\u0131lm\u0131\u015ft\u0131r.<\/p>\n<p>&nbsp;<\/p>\n","protected":false},"excerpt":{"rendered":"<p>\u0130nceleme Gezisi Program\u0131 Maremont Real Estate &amp; Construction olarak m\u00fc\u015fterilerimize \u00f6zel olarak yap\u0131land\u0131r\u0131lm\u0131\u015f \u0130nceleme Gezisi Program\u0131 sunmaktay\u0131z. Bu program kapsam\u0131nda, m\u00fc\u015fterilerimizin \u00f6n talepleri do\u011frultusunda hedeflenen gayrimenkulleri i\u00e7eren \u00f6zel bir portf\u00f6y olu\u015fturulmaktad\u0131r. Haz\u0131rlanan portf\u00f6y, Karada\u011f\u2019a gelmeden \u00f6nce m\u00fc\u015fterilerimizle payla\u015f\u0131lmakta ve t\u00fcm inceleme s\u00fcreci planl\u0131 \u015fekilde organize edilmektedir. Karada\u011f\u2019a var\u0131\u015f\u0131n ard\u0131ndan, m\u00fc\u015fterilerimizin portf\u00f6y i\u00e7erisinden se\u00e7ti\u011fi gayrimenkuller do\u011frudan [&hellip;]<\/p>\n","protected":false},"author":1,"featured_media":18884,"parent":58,"menu_order":0,"comment_status":"closed","ping_status":"closed","template":"template\/template-maremont-page.php","meta":{"footnotes":""},"_links":{"self":[{"href":"https:\/\/maremont.me\/tr\/wp-json\/wp\/v2\/pages\/2706"}],"collection":[{"href":"https:\/\/maremont.me\/tr\/wp-json\/wp\/v2\/pages"}],"about":[{"href":"https:\/\/maremont.me\/tr\/wp-json\/wp\/v2\/types\/page"}],"author":[{"embeddable":true,"href":"https:\/\/maremont.me\/tr\/wp-json\/wp\/v2\/users\/1"}],"replies":[{"embeddable":true,"href":"https:\/\/maremont.me\/tr\/wp-json\/wp\/v2\/comments?post=2706"}],"version-history":[{"count":4,"href":"https:\/\/maremont.me\/tr\/wp-json\/wp\/v2\/pages\/2706\/revisions"}],"predecessor-version":[{"id":25849,"href":"https:\/\/maremont.me\/tr\/wp-json\/wp\/v2\/pages\/2706\/revisions\/25849"}],"up":[{"embeddable":true,"href":"https:\/\/maremont.me\/tr\/wp-json\/wp\/v2\/pages\/58"}],"wp:featuredmedia":[{"embeddable":true,"href":"https:\/\/maremont.me\/tr\/wp-json\/wp\/v2\/media\/18884"}],"wp:attachment":[{"href":"https:\/\/maremont.me\/tr\/wp-json\/wp\/v2\/media?parent=2706"}],"curies":[{"name":"wp","href":"https:\/\/api.w.org\/{rel}","templated":true}]}}