{"id":2324,"date":"2016-08-17T21:05:28","date_gmt":"2016-08-17T21:05:28","guid":{"rendered":"https:\/\/default.houzez.co\/?page_id=2324"},"modified":"2022-04-23T09:32:57","modified_gmt":"2022-04-23T09:32:57","slug":"compare-properties","status":"publish","type":"page","link":"https:\/\/maremont.me\/tr\/compare-properties\/","title":{"rendered":"Se\u00e7ilenleri Kar\u015f\u0131la\u015ft\u0131r"},"content":{"rendered":"","protected":false},"excerpt":{"rendered":"","protected":false},"author":1,"featured_media":0,"parent":0,"menu_order":0,"comment_status":"closed","ping_status":"closed","template":"template\/template-compare.php","meta":{"footnotes":""},"_links":{"self":[{"href":"https:\/\/maremont.me\/tr\/wp-json\/wp\/v2\/pages\/2324"}],"collection":[{"href":"https:\/\/maremont.me\/tr\/wp-json\/wp\/v2\/pages"}],"about":[{"href":"https:\/\/maremont.me\/tr\/wp-json\/wp\/v2\/types\/page"}],"author":[{"embeddable":true,"href":"https:\/\/maremont.me\/tr\/wp-json\/wp\/v2\/users\/1"}],"replies":[{"embeddable":true,"href":"https:\/\/maremont.me\/tr\/wp-json\/wp\/v2\/comments?post=2324"}],"version-history":[{"count":1,"href":"https:\/\/maremont.me\/tr\/wp-json\/wp\/v2\/pages\/2324\/revisions"}],"predecessor-version":[{"id":18968,"href":"https:\/\/maremont.me\/tr\/wp-json\/wp\/v2\/pages\/2324\/revisions\/18968"}],"wp:attachment":[{"href":"https:\/\/maremont.me\/tr\/wp-json\/wp\/v2\/media?parent=2324"}],"curies":[{"name":"wp","href":"https:\/\/api.w.org\/{rel}","templated":true}]}}