{"id":18708,"date":"2022-04-22T10:00:17","date_gmt":"2022-04-22T10:00:17","guid":{"rendered":"https:\/\/maremont.me\/?page_id=18708"},"modified":"2023-08-06T16:04:37","modified_gmt":"2023-08-06T16:04:37","slug":"iletisim","status":"publish","type":"page","link":"https:\/\/maremont.me\/tr\/contact-us\/iletisim\/","title":{"rendered":"\u0130leti\u015fim"},"content":{"rendered":"\t\t<div data-elementor-type=\"wp-page\" data-elementor-id=\"18708\" class=\"elementor elementor-18708\">\n\t\t\t\t\t\t<section class=\"elementor-section elementor-top-section elementor-element elementor-element-4891b207 elementor-section-height-min-height animated-slow elementor-section-boxed elementor-section-height-default elementor-section-items-middle elementor-invisible\" data-id=\"4891b207\" data-element_type=\"section\" data-settings=\"{&quot;background_background&quot;:&quot;classic&quot;,&quot;animation&quot;:&quot;fadeIn&quot;}\">\n\t\t\t\t\t\t\t<div class=\"elementor-background-overlay\"><\/div>\n\t\t\t\t\t\t\t<div class=\"elementor-container elementor-column-gap-default\">\n\t\t\t\t\t<div class=\"elementor-column elementor-col-100 elementor-top-column elementor-element elementor-element-77f767d1\" data-id=\"77f767d1\" data-element_type=\"column\">\n\t\t\t<div class=\"elementor-widget-wrap elementor-element-populated\">\n\t\t\t\t\t\t<div class=\"elementor-element elementor-element-2323eaf1 lbi-heading-title elementor-widget elementor-widget-heading\" data-id=\"2323eaf1\" data-element_type=\"widget\" data-widget_type=\"heading.default\">\n\t\t\t\t<div class=\"elementor-widget-container\">\n\t\t\t<h1 class=\"elementor-heading-title elementor-size-default\">\u0130leti\u015fim<\/h1>\t\t<\/div>\n\t\t\t\t<\/div>\n\t\t\t\t\t<\/div>\n\t\t<\/div>\n\t\t\t\t\t<\/div>\n\t\t<\/section>\n\t\t\t\t<section class=\"elementor-section elementor-top-section elementor-element elementor-element-4cc17f36 elementor-section-boxed elementor-section-height-default elementor-section-height-default\" data-id=\"4cc17f36\" data-element_type=\"section\">\n\t\t\t\t\t\t<div class=\"elementor-container elementor-column-gap-default\">\n\t\t\t\t\t<div class=\"elementor-column elementor-col-100 elementor-top-column elementor-element elementor-element-727dba63\" data-id=\"727dba63\" data-element_type=\"column\">\n\t\t\t<div class=\"elementor-widget-wrap elementor-element-populated\">\n\t\t\t\t\t\t<div class=\"elementor-element elementor-element-b1e2dfa elementor-widget elementor-widget-houzez_elementor_space\" data-id=\"b1e2dfa\" data-element_type=\"widget\" data-widget_type=\"houzez_elementor_space.default\">\n\t\t\t\t<div class=\"elementor-widget-container\">\n\t\t\t        <div class=\"houzez-spacer\">\n            <div class=\"houzez-spacer-inner\"><\/div>\n        <\/div>\n        \t\t<\/div>\n\t\t\t\t<\/div>\n\t\t\t\t<div class=\"elementor-element elementor-element-16d5d786 lbi-unset-text-transform elementor-widget elementor-widget-heading\" data-id=\"16d5d786\" data-element_type=\"widget\" data-widget_type=\"heading.default\">\n\t\t\t\t<div class=\"elementor-widget-container\">\n\t\t\t<h6 class=\"elementor-heading-title elementor-size-default\">A\u015fa\u011f\u0131daki ileti\u015fim bilgilerimizden bize ula\u015fabilir veya ileti\u015fim formunu kullanarak mesaj g\u00f6nderebilirsiniz.<\/h6>\t\t<\/div>\n\t\t\t\t<\/div>\n\t\t\t\t\t<\/div>\n\t\t<\/div>\n\t\t\t\t\t<\/div>\n\t\t<\/section>\n\t\t\t\t<section class=\"elementor-section elementor-top-section elementor-element elementor-element-4580eebd elementor-section-content-top animated-slow elementor-section-boxed elementor-section-height-default elementor-section-height-default elementor-invisible\" data-id=\"4580eebd\" data-element_type=\"section\" data-settings=\"{&quot;animation&quot;:&quot;fadeIn&quot;}\">\n\t\t\t\t\t\t<div class=\"elementor-container elementor-column-gap-default\">\n\t\t\t\t\t<div class=\"elementor-column elementor-col-50 elementor-top-column elementor-element elementor-element-46efdd95\" data-id=\"46efdd95\" data-element_type=\"column\" data-settings=\"{&quot;background_background&quot;:&quot;classic&quot;}\">\n\t\t\t<div class=\"elementor-widget-wrap elementor-element-populated\">\n\t\t\t\t\t\t<div class=\"elementor-element elementor-element-7349a44d elementor-widget elementor-widget-text-editor\" data-id=\"7349a44d\" data-element_type=\"widget\" data-widget_type=\"text-editor.default\">\n\t\t\t\t<div class=\"elementor-widget-container\">\n\t\t\t\t\t\t\t<p>G\u00f6r\u00fc\u015fleriniz ve fikirleriniz bizim i\u00e7in her zaman \u00e7ok \u00f6nemli.<br \/>Telefon numaras\u0131ndan veya e-posta adresinden bize her zaman ula\u015fabilirsiniz.<\/p>\t\t\t\t\t\t<\/div>\n\t\t\t\t<\/div>\n\t\t\t\t<div class=\"elementor-element elementor-element-539a11f0 elementor-button-align-start elementor-widget elementor-widget-houzez_elementor_contact_form\" data-id=\"539a11f0\" data-element_type=\"widget\" data-widget_type=\"houzez_elementor_contact_form.default\">\n\t\t\t\t<div class=\"elementor-widget-container\">\n\t\t\t\n        <script type=\"application\/javascript\">\n            jQuery(document).bind(\"ready\", function () {\n                houzezValidateElementor(\"#houzez-form-539a11f0\" );\n            });\n        <\/script>\n\n        <form class=\"elementor-form\" id=\"houzez-form-539a11f0\" method=\"post\" name=\"contact-tr\" action=\"https:\/\/maremont.me\/wp-admin\/admin-ajax.php\">\n            <input type=\"hidden\" name=\"form_id\" value=\"539a11f0\"\/>\n            <input type=\"hidden\" name=\"houzez_contact_form\" value=\"yes\"\/>\n            <input type=\"hidden\" name=\"action\" value=\"houzez_ele_contact_form\" \/>\n            <input type=\"hidden\" name=\"source_link\" value=\"https:\/\/maremont.me\/tr\/contact-us\/iletisim\/\" \/>\n            <input type=\"hidden\" name=\"lead_page_id\" value=\"18708\" \/>\n            <input type=\"hidden\" name=\"email_to\" value=\"info@maremont.me\" \/>\n            <input type=\"hidden\" name=\"email_subject\" value=\"Web Contact Form (TR)\" \/>\n            <input type=\"hidden\" name=\"email_to_cc\" value=\"\" \/>\n            <input type=\"hidden\" name=\"email_to_bcc\" value=\"\" \/>\n            <input type=\"hidden\" name=\"webhook\" value=\"\" \/>\n            <input type=\"hidden\" name=\"webhook_url\" value=\"\" \/>\n            <input type=\"hidden\" name=\"redirect_to\" value=\"\" \/>\n            \n\n            <div class=\"elementor-form-fields-wrapper elementor-labels-above\">\n\n                                    <div class=\"elementor-field-group elementor-column form-group elementor-field-group-name elementor-col-50 elementor-field-required elementor-mark-required\">\n                    <label for=\"form-field-name\" class=\"elementor-field-label\">Ad<\/label><input type=\"text\" name=\"first_name\" id=\"form-field-name\" class=\"elementor-field form-control elementor-size-sm elementor-field-textual\" placeholder=\"Ad\u0131n\u0131z\" title=\"* Ad\" required=\"required\">                    <\/div>\n\n                                        <div class=\"elementor-field-group elementor-column form-group elementor-field-group-bf18955 elementor-col-50 elementor-field-required elementor-mark-required\">\n                    <label for=\"form-field-bf18955\" class=\"elementor-field-label\">Soyad<\/label><input type=\"text\" name=\"last_name\" id=\"form-field-bf18955\" class=\"elementor-field form-control elementor-size-sm elementor-field-textual\" placeholder=\"Soyad\u0131n\u0131z\" title=\"* Soyad\" required=\"required\">                    <\/div>\n\n                                        <div class=\"elementor-field-group elementor-column form-group elementor-field-group-email elementor-col-100 elementor-field-required elementor-mark-required\">\n                    <label for=\"form-field-email\" class=\"elementor-field-label\">Email<\/label><input type=\"email\" name=\"email\" id=\"form-field-email\" class=\"elementor-field form-control elementor-size-sm elementor-field-textual\" placeholder=\"Email Adresi\" title=\"* Email\" required=\"required\">                    <\/div>\n\n                                        <div class=\"elementor-field-group elementor-column form-group elementor-field-group-92b9319 elementor-col-50\">\n                    <label for=\"form-field-92b9319\" class=\"elementor-field-label\">Mobil<\/label><input type=\"text\" name=\"mobile\" id=\"form-field-92b9319\" class=\"elementor-field form-control elementor-size-sm elementor-field-textual\" placeholder=\"Cep Telefonu Numaras\u0131\" title=\"* Mobil\">                    <\/div>\n\n                                        <div class=\"elementor-field-group elementor-column form-group elementor-field-group-4f89268 elementor-col-50\">\n                    <label for=\"form-field-4f89268\" class=\"elementor-field-label\">Sabit Hat<\/label><input type=\"text\" name=\"home_phone\" id=\"form-field-4f89268\" class=\"elementor-field form-control elementor-size-sm elementor-field-textual\" placeholder=\"Telefon Numaras\u0131\" title=\"* Sabit Hat\">                    <\/div>\n\n                                        <div class=\"elementor-field-group elementor-column form-group elementor-field-group-message elementor-col-100 elementor-field-required elementor-mark-required\">\n                    <label for=\"form-field-message\" class=\"elementor-field-label\">Mesaj<\/label><textarea class=\"elementor-field-textual elementor-field elementor-size-sm\" name=\"message\" id=\"form-field-message\" rows=\"5\" placeholder=\"Mesaj\u0131n\u0131z\" required=\"required\" title=\"* Mesaj\"><\/textarea>                    <\/div>\n\n                    \n                    \n                    \n                    <div class=\"elementor-field-group elementor-column elementor-field-type-submit elementor-col-100\">\n                    <button type=\"submit\" class=\"btn houzez-submit-button houzez-contact-form-js elementor-button elementor-size-xs\">\n                        <i class=\"btn-loader houzez-loader-js\"><\/i>\n                                                    G\u00f6nder                                            <\/button>\n                <\/div>\n            <\/div><!-- End wrapper-->\n            <br\/>\n            <div class=\"ele-form-messages\"><\/div>\n            <div class=\"error-container\"><\/div>\n\n        <\/form>\n\n    \t\t<\/div>\n\t\t\t\t<\/div>\n\t\t\t\t<div class=\"elementor-element elementor-element-9c03dec elementor-widget elementor-widget-spacer\" data-id=\"9c03dec\" data-element_type=\"widget\" data-widget_type=\"spacer.default\">\n\t\t\t\t<div class=\"elementor-widget-container\">\n\t\t\t\t\t<div class=\"elementor-spacer\">\n\t\t\t<div class=\"elementor-spacer-inner\"><\/div>\n\t\t<\/div>\n\t\t\t\t<\/div>\n\t\t\t\t<\/div>\n\t\t\t\t<div class=\"elementor-element elementor-element-b572f3a e-grid-align-left elementor-shape-rounded elementor-grid-0 elementor-widget elementor-widget-social-icons\" data-id=\"b572f3a\" data-element_type=\"widget\" data-widget_type=\"social-icons.default\">\n\t\t\t\t<div class=\"elementor-widget-container\">\n\t\t\t\t\t<div class=\"elementor-social-icons-wrapper elementor-grid\">\n\t\t\t\t\t\t\t<span class=\"elementor-grid-item\">\n\t\t\t\t\t<a class=\"elementor-icon elementor-social-icon elementor-social-icon-facebook elementor-animation-shrink elementor-repeater-item-4d4e750\" href=\"https:\/\/www.facebook.com\/profile.php?id=100094497357663\" target=\"_blank\">\n\t\t\t\t\t\t<span class=\"elementor-screen-only\">Facebook<\/span>\n\t\t\t\t\t\t<i class=\"fab fa-facebook\"><\/i>\t\t\t\t\t<\/a>\n\t\t\t\t<\/span>\n\t\t\t\t\t\t\t<span class=\"elementor-grid-item\">\n\t\t\t\t\t<a class=\"elementor-icon elementor-social-icon elementor-social-icon-twitter elementor-animation-shrink elementor-repeater-item-a2d8d9c\" href=\"https:\/\/twitter.com\/maremont_mne\" target=\"_blank\">\n\t\t\t\t\t\t<span class=\"elementor-screen-only\">Twitter<\/span>\n\t\t\t\t\t\t<i class=\"fab fa-twitter\"><\/i>\t\t\t\t\t<\/a>\n\t\t\t\t<\/span>\n\t\t\t\t\t\t\t<span class=\"elementor-grid-item\">\n\t\t\t\t\t<a class=\"elementor-icon elementor-social-icon elementor-social-icon-instagram elementor-animation-shrink elementor-repeater-item-9e48d2c\" href=\"https:\/\/www.instagram.com\/maremontmne\/\" target=\"_blank\">\n\t\t\t\t\t\t<span class=\"elementor-screen-only\">Instagram<\/span>\n\t\t\t\t\t\t<i class=\"fab fa-instagram\"><\/i>\t\t\t\t\t<\/a>\n\t\t\t\t<\/span>\n\t\t\t\t\t\t\t<span class=\"elementor-grid-item\">\n\t\t\t\t\t<a class=\"elementor-icon elementor-social-icon elementor-social-icon-youtube elementor-animation-shrink elementor-repeater-item-4483b35\" href=\"https:\/\/www.youtube.com\/@maremontrealestate6193\" target=\"_blank\">\n\t\t\t\t\t\t<span class=\"elementor-screen-only\">Youtube<\/span>\n\t\t\t\t\t\t<i class=\"fab fa-youtube\"><\/i>\t\t\t\t\t<\/a>\n\t\t\t\t<\/span>\n\t\t\t\t\t\t\t<span class=\"elementor-grid-item\">\n\t\t\t\t\t<a class=\"elementor-icon elementor-social-icon elementor-social-icon-whatsapp elementor-animation-shrink elementor-repeater-item-921fe84\" href=\"https:\/\/wa.me\/+38268866432\" target=\"_blank\" rel=\"nofollow\">\n\t\t\t\t\t\t<span class=\"elementor-screen-only\">Whatsapp<\/span>\n\t\t\t\t\t\t<i class=\"fab fa-whatsapp\"><\/i>\t\t\t\t\t<\/a>\n\t\t\t\t<\/span>\n\t\t\t\t\t<\/div>\n\t\t\t\t<\/div>\n\t\t\t\t<\/div>\n\t\t\t\t\t<\/div>\n\t\t<\/div>\n\t\t\t\t<div class=\"elementor-column elementor-col-25 elementor-top-column elementor-element elementor-element-33c61332\" data-id=\"33c61332\" data-element_type=\"column\">\n\t\t\t<div class=\"elementor-widget-wrap\">\n\t\t\t\t\t\t\t<\/div>\n\t\t<\/div>\n\t\t\t\t<div class=\"elementor-column elementor-col-25 elementor-top-column elementor-element elementor-element-28238dd3\" data-id=\"28238dd3\" data-element_type=\"column\">\n\t\t\t<div class=\"elementor-widget-wrap elementor-element-populated\">\n\t\t\t\t\t\t<div class=\"elementor-element elementor-element-1e21aaf5 elementor-widget elementor-widget-text-editor\" data-id=\"1e21aaf5\" data-element_type=\"widget\" data-widget_type=\"text-editor.default\">\n\t\t\t\t<div class=\"elementor-widget-container\">\n\t\t\t\t\t\t\t<p><strong>Maremont Gayrimenkul Dan\u0131\u015fmanl\u0131k ve \u0130n\u015faat<\/strong><\/p><p>Royal Gardens, Local 7,<br \/>Ul. Mediteranska<br \/>85310 Budva &#8211; Montenegro<\/p>\t\t\t\t\t\t<\/div>\n\t\t\t\t<\/div>\n\t\t\t\t<div class=\"elementor-element elementor-element-48170a0f elementor-widget elementor-widget-wp-widget-houzez_contact\" data-id=\"48170a0f\" data-element_type=\"widget\" data-widget_type=\"wp-widget-houzez_contact.default\">\n\t\t\t\t<div class=\"elementor-widget-container\">\n\t\t\t<h5>Merkez Ofis<\/h5>\n\t\t\t<div class=\"widget-body\">\n\t\t\t\t<div class=\"widget-content\">\n\t\t\t\t\t<p><\/p>\n\t\t\t\t\t<ul class=\"list-unstyled contact-list\">\n\t\t\t\t\t\t\n\t                    \n\t                    \n\t                    \t                    <li><i class=\"houzez-icon icon-mobile-phone mr-1\"><\/i> <a href=\"tel:+38268866432\">+382 68 866 432<\/a><\/li>\n\t                    \n\t                    \t                    <li><i class=\"houzez-icon icon-messaging-whatsapp mr-1\"><\/i> <a href=\"https:\/\/wa.me\/+38268866432\" target=\"_blank\">+382 68 866 432<\/a><\/li>\n\t                    \n\t\t\t\t\t\t\n\t                    \t                    <li><i class=\"houzez-icon icon-envelope mr-1\"><\/i> <a href=\"mailto:info@maremont.me\">info@maremont.me<\/a><\/li>\n\t                    \t\t\t\t\t<\/ul>\n\t\t\t\t<\/div><!-- widget-content -->\n\n\t\t\t\t\n\t\t\t<\/div><!-- widget-body -->\n         \n\t    \t\t<\/div>\n\t\t\t\t<\/div>\n\t\t\t\t<div class=\"elementor-element elementor-element-7af9baf elementor-widget elementor-widget-leartes_elementor_our_agencies\" data-id=\"7af9baf\" data-element_type=\"widget\" data-widget_type=\"leartes_elementor_our_agencies.default\">\n\t\t\t\t<div class=\"elementor-widget-container\">\n\t\t\t\n        <div class=\"elementor-element elementor-element-lbi1455 elementor-widget elementor-widget-toggle lbi-widget-toggle \" data-id=\"lbi1455\" data-element_type=\"widget\" data-widget_type=\"toggle.default\">\n            <div class=\"elementor-widget-container\">\n                <div class=\"elementor-toggle lbi-toggle\" role=\"tablist\">\n\n                                            <div class=\"elementor-toggle-item\">\n                            <div id=\"elementor-tab-title-23124\" class=\"elementor-tab-title elementor-active\" data-tab=\"1\" role=\"tab\">\n                                <span class=\"elementor-toggle-icon elementor-toggle-icon-left\">\n                                    <span class=\"elementor-toggle-icon-closed\"><i class=\"houzez-icon icon-pin\"><\/i><\/span>\n                                    <span class=\"elementor-toggle-icon-opened\"><i class=\"elementor-toggle-icon-opened fas fa-map-marker-alt\"><\/i><\/span>\n                                <\/span>\n                                <a href=\"\" class=\"elementor-toggle-title\">Maremont Karada\u011f<\/a>\n                            <\/div>\n\n                            <div id=\"elementor-tab-content-23124\" class=\"elementor-tab-content elementor-clearfix elementor-active\" style=\"display: block;\" data-tab=\"1\" role=\"tabpanel\">\n                                                                    <div class=\"agent-title\">\n                                        <span><i class=\"houzez-icon icon-single-neutral-circle\"><\/i><a href=\"https:\/\/maremont.me\/tr\/agent\/tijana-ristic\/\"><strong>Tijana Ristic<\/strong><\/a><\/span>\n                                        <span><i class=\"houzez-icon icon-pin\"><\/i>(English) BUDVA \/ MONTENEGRO<\/span>\n                                    <\/div>\n\n                                    <div class=\"agent-meta\">\n                                        <ul class=\"list-unstyled contact-list\">\n                                                                                        <li><i class=\"houzez-icon icon-mobile-phone mr-1\"><\/i> <a href=\"tel:38268636922\">+382 68 636 922<\/a><\/li>\n                                                                                        <li><i class=\"houzez-icon icon-envelope mr-1\"><\/i> <a href=\"mailto:tijana@maremont.me\">tijana@maremont.me<\/a><\/li>\n                                                                                    <\/ul>\n                                    <\/div>\n                                                            <\/div>\n                        <\/div>\n                    \n                <\/div>\n            <\/div>\n        <\/div>\n\n        \t\t<\/div>\n\t\t\t\t<\/div>\n\t\t\t\t\t<\/div>\n\t\t<\/div>\n\t\t\t\t\t<\/div>\n\t\t<\/section>\n\t\t\t\t<section class=\"elementor-section elementor-top-section elementor-element elementor-element-6d2572e8 animated-slow elementor-section-boxed elementor-section-height-default elementor-section-height-default elementor-invisible\" data-id=\"6d2572e8\" data-element_type=\"section\" data-settings=\"{&quot;animation&quot;:&quot;fadeIn&quot;}\">\n\t\t\t\t\t\t<div class=\"elementor-container elementor-column-gap-default\">\n\t\t\t\t\t<div class=\"elementor-column elementor-col-100 elementor-top-column elementor-element elementor-element-457de8a2\" data-id=\"457de8a2\" data-element_type=\"column\">\n\t\t\t<div class=\"elementor-widget-wrap elementor-element-populated\">\n\t\t\t\t\t\t<div class=\"elementor-element elementor-element-e839187 elementor-widget elementor-widget-text-editor\" data-id=\"e839187\" data-element_type=\"widget\" data-widget_type=\"text-editor.default\">\n\t\t\t\t<div class=\"elementor-widget-container\">\n\t\t\t\t\t\t\t<p><iframe style=\"border: 0;\" src=\"https:\/\/www.google.com\/maps\/embed?pb=!1m18!1m12!1m3!1d2411.577071928642!2d18.836103718827044!3d42.280669924309734!2m3!1f0!2f0!3f0!3m2!1i1024!2i768!4f13.1!3m3!1m2!1s0x134dd4972176f229%3A0xaa5c21889566f3d6!2sRoyal%20Gardens%20Paradise%20luxury%20apartments!5e0!3m2!1sen!2str!4v1691247080283!5m2!1sen!2str\" width=\"600\" height=\"450\" allowfullscreen=\"allowfullscreen\"><\/iframe><\/p>\t\t\t\t\t\t<\/div>\n\t\t\t\t<\/div>\n\t\t\t\t<div class=\"elementor-element elementor-element-515c876e elementor-widget elementor-widget-text-editor\" data-id=\"515c876e\" data-element_type=\"widget\" data-widget_type=\"text-editor.default\">\n\t\t\t\t<div class=\"elementor-widget-container\">\n\t\t\t\t\t\t\t<p style=\"text-align: left;\">Royal Gardens, Local 7, Ul. Mediteranska Budva &#8211; Montenegro &#8211; <a href=\"https:\/\/www.google.com\/maps\/dir\/\/Royal+Gardens+Paradise+luxury+apartments,+24+Mediteranska,+Budva+85310,+Montenegro\/@46.4384128,-1.2217587,5z\/data=!4m8!4m7!1m0!1m5!1m1!1s0x134dd4972176f229:0xaa5c21889566f3d6!2m2!1d18.836153!2d42.2809295?entry=ttu\" target=\"_blank\" rel=\"noopener\">Y\u00f6n Tarifi<\/a><\/p>\t\t\t\t\t\t<\/div>\n\t\t\t\t<\/div>\n\t\t\t\t\t<\/div>\n\t\t<\/div>\n\t\t\t\t\t<\/div>\n\t\t<\/section>\n\t\t\t\t<section class=\"elementor-section elementor-top-section elementor-element elementor-element-19832de2 elementor-section-boxed elementor-section-height-default elementor-section-height-default\" data-id=\"19832de2\" data-element_type=\"section\">\n\t\t\t\t\t\t<div class=\"elementor-container elementor-column-gap-default\">\n\t\t\t\t\t<div class=\"elementor-column elementor-col-100 elementor-top-column elementor-element elementor-element-4755d4d5\" data-id=\"4755d4d5\" data-element_type=\"column\">\n\t\t\t<div class=\"elementor-widget-wrap elementor-element-populated\">\n\t\t\t\t\t\t<div class=\"elementor-element elementor-element-19e7092e elementor-widget elementor-widget-spacer\" data-id=\"19e7092e\" data-element_type=\"widget\" data-widget_type=\"spacer.default\">\n\t\t\t\t<div class=\"elementor-widget-container\">\n\t\t\t\t\t<div class=\"elementor-spacer\">\n\t\t\t<div class=\"elementor-spacer-inner\"><\/div>\n\t\t<\/div>\n\t\t\t\t<\/div>\n\t\t\t\t<\/div>\n\t\t\t\t\t<\/div>\n\t\t<\/div>\n\t\t\t\t\t<\/div>\n\t\t<\/section>\n\t\t\t\t<\/div>\n\t\t","protected":false},"excerpt":{"rendered":"<p>\u0130leti\u015fim A\u015fa\u011f\u0131daki ileti\u015fim bilgilerimizden bize ula\u015fabilir veya ileti\u015fim formunu kullanarak mesaj g\u00f6nderebilirsiniz. G\u00f6r\u00fc\u015fleriniz ve fikirleriniz bizim i\u00e7in her zaman \u00e7ok \u00f6nemli.Telefon numaras\u0131ndan veya e-posta adresinden bize her zaman ula\u015fabilirsiniz. Ad Soyad Email Mobil Sabit Hat Mesaj G\u00f6nder Facebook Twitter Instagram Youtube Whatsapp Maremont Gayrimenkul Dan\u0131\u015fmanl\u0131k ve \u0130n\u015faat Royal Gardens, Local 7,Ul. Mediteranska85310 Budva &#8211; Montenegro [&hellip;]<\/p>\n","protected":false},"author":1,"featured_media":0,"parent":16941,"menu_order":0,"comment_status":"closed","ping_status":"closed","template":"elementor_header_footer","meta":{"footnotes":""},"_links":{"self":[{"href":"https:\/\/maremont.me\/tr\/wp-json\/wp\/v2\/pages\/18708"}],"collection":[{"href":"https:\/\/maremont.me\/tr\/wp-json\/wp\/v2\/pages"}],"about":[{"href":"https:\/\/maremont.me\/tr\/wp-json\/wp\/v2\/types\/page"}],"author":[{"embeddable":true,"href":"https:\/\/maremont.me\/tr\/wp-json\/wp\/v2\/users\/1"}],"replies":[{"embeddable":true,"href":"https:\/\/maremont.me\/tr\/wp-json\/wp\/v2\/comments?post=18708"}],"version-history":[{"count":4,"href":"https:\/\/maremont.me\/tr\/wp-json\/wp\/v2\/pages\/18708\/revisions"}],"predecessor-version":[{"id":23202,"href":"https:\/\/maremont.me\/tr\/wp-json\/wp\/v2\/pages\/18708\/revisions\/23202"}],"up":[{"embeddable":true,"href":"https:\/\/maremont.me\/tr\/wp-json\/wp\/v2\/pages\/16941"}],"wp:attachment":[{"href":"https:\/\/maremont.me\/tr\/wp-json\/wp\/v2\/media?parent=18708"}],"curies":[{"name":"wp","href":"https:\/\/api.w.org\/{rel}","templated":true}]}}