{"id":18522,"date":"2022-04-19T13:01:19","date_gmt":"2022-04-19T13:01:19","guid":{"rendered":"https:\/\/maremont.me\/?page_id=18522"},"modified":"2023-08-06T16:41:37","modified_gmt":"2023-08-06T16:41:37","slug":"solution-partners","status":"publish","type":"page","link":"https:\/\/maremont.me\/tr\/about-us\/solution-partners\/","title":{"rendered":"\u00c7\u00f6z\u00fcm Ortaklar\u0131m\u0131z"},"content":{"rendered":"<p>[vc_row el_class=&#8221;block-maremont&#8221;][vc_column]\t\t<div\r\n\t\t\tclass=\"houzez-module module-title section-title-module text-left \">\r\n\t\t\t<h2>Sigorta \u015eirketleri<\/h2>\r\n\r\n\t\t\t<p class=\"sub-heading\"><\/p>\r\n\t\t<\/div>\r\n\t\t[vc_column_text]Gayrimenkulun al\u0131m\u0131ndan sonra da size yard\u0131mc\u0131 olmaya devam ediyoruz. \u0130htiyac\u0131n\u0131z do\u011frultusunda daireniz, villan\u0131z, ofisiniz ve hatta oteliniz i\u00e7in gerekli sigorta ihtiya\u00e7lar\u0131n\u0131zda \u00e7\u00f6z\u00fcm ortaklar\u0131m\u0131zla birlikte yan\u0131n\u0131zda oluyoruz.<\/p>\n<p>\u00c7al\u0131\u015ft\u0131\u011f\u0131m\u0131z \u00e7\u00f6z\u00fcm ortaklar\u0131m\u0131z; <strong>UNIQA<\/strong>\u00a0ve\u00a0<strong>Generali<\/strong>\u2018dir.[\/vc_column_text][\/vc_column][\/vc_row][vc_row el_class=&#8221;block-maremont&#8221;][vc_column]\t\t<div\r\n\t\t\tclass=\"houzez-module module-title section-title-module text-left \">\r\n\t\t\t<h2>Transfer ve Ara\u00e7 Kiralama Hizmeti<\/h2>\r\n\r\n\t\t\t<p class=\"sub-heading\"><\/p>\r\n\t\t<\/div>\r\n\t\t[vc_column_text]\u015eirketimiz <strong>Podgorica ve Tivat Havaliman\u0131<\/strong> transferlerinde ve ara\u00e7 kiralamalar\u0131nda da sizlere yard\u0131mc\u0131 olmaktad\u0131r. Size \u00f6zel transfer i\u015flemleriniz sonucunda sizleri sevdiklerinizle bulu\u015fturmaktan mutluluk duyuyoruz.[\/vc_column_text][\/vc_column][\/vc_row][vc_row el_class=&#8221;block-maremont-slider&#8221;][vc_column][vc_separator]\n\n        <div class=\"partners-module partners-module-slider\">\n\n            <div class=\"property-carousel-buttons-wrap\">\n                <button type=\"button\" class=\"partner-prev-js slick-prev btn-primary-outlined\">\u00d6nceki<\/button>\n                <button type=\"button\" class=\"partner-next-js slick-next btn-primary-outlined\">Sonraki<\/button>\n            <\/div><!-- property-carousel-buttons-wrap -->\n\n            <div class=\"partners-slider-wrap houzez-all-slider-wrap\">\n                \n                        <div class=\"partner-item\">\n                            <a target=\"_blank\" href=\"http:\/\/www.leartes.net\">\n                                <img decoding=\"async\" width=\"324\" height=\"56\" src=\"https:\/\/maremont.me\/wp-content\/uploads\/2016\/03\/logo-leartes_net.png\" class=\"attachment-full size-full wp-post-image\" alt=\"\" srcset=\"https:\/\/maremont.me\/wp-content\/uploads\/2016\/03\/logo-leartes_net.png 324w, https:\/\/maremont.me\/wp-content\/uploads\/2016\/03\/logo-leartes_net-300x52.png 300w\" sizes=\"(max-width: 324px) 100vw, 324px\" \/>                            <\/a>\n                        <\/div>\n                \n                \n                        <div class=\"partner-item\">\n                            <a target=\"_blank\" href=\"https:\/\/www.dogtas.com\/dogtas-exclusive-global-montenegro-pogdorica\">\n                                <img decoding=\"async\" width=\"324\" height=\"56\" src=\"https:\/\/maremont.me\/wp-content\/uploads\/2022\/04\/dogtas-logo.png\" class=\"attachment-full size-full wp-post-image\" alt=\"\" srcset=\"https:\/\/maremont.me\/wp-content\/uploads\/2022\/04\/dogtas-logo.png 324w, https:\/\/maremont.me\/wp-content\/uploads\/2022\/04\/dogtas-logo-300x52.png 300w\" sizes=\"(max-width: 324px) 100vw, 324px\" \/>                            <\/a>\n                        <\/div>\n                \n                \n                        <div class=\"partner-item\">\n                            <a target=\"_blank\" href=\"https:\/\/www.kare-design.com\/me\/me\/\">\n                                <img decoding=\"async\" width=\"324\" height=\"56\" src=\"https:\/\/maremont.me\/wp-content\/uploads\/2022\/04\/kare-logo.png\" class=\"attachment-full size-full wp-post-image\" alt=\"\" srcset=\"https:\/\/maremont.me\/wp-content\/uploads\/2022\/04\/kare-logo.png 324w, https:\/\/maremont.me\/wp-content\/uploads\/2022\/04\/kare-logo-300x52.png 300w\" sizes=\"(max-width: 324px) 100vw, 324px\" \/>                            <\/a>\n                        <\/div>\n                \n                \n                        <div class=\"partner-item\">\n                            <a target=\"_blank\" href=\"https:\/\/mixxtravel.com\/\">\n                                <img loading=\"lazy\" decoding=\"async\" width=\"324\" height=\"56\" src=\"https:\/\/maremont.me\/wp-content\/uploads\/2016\/03\/mixx-travel.png\" class=\"attachment-full size-full wp-post-image\" alt=\"\" srcset=\"https:\/\/maremont.me\/wp-content\/uploads\/2016\/03\/mixx-travel.png 324w, https:\/\/maremont.me\/wp-content\/uploads\/2016\/03\/mixx-travel-300x52.png 300w\" sizes=\"(max-width: 324px) 100vw, 324px\" \/>                            <\/a>\n                        <\/div>\n                \n                \n                        <div class=\"partner-item\">\n                            <a target=\"_blank\" href=\"https:\/\/www.ziraatbank.me\/\">\n                                <img loading=\"lazy\" decoding=\"async\" width=\"324\" height=\"56\" src=\"https:\/\/maremont.me\/wp-content\/uploads\/2022\/04\/ziraat-logo.png\" class=\"attachment-full size-full wp-post-image\" alt=\"\" srcset=\"https:\/\/maremont.me\/wp-content\/uploads\/2022\/04\/ziraat-logo.png 324w, https:\/\/maremont.me\/wp-content\/uploads\/2022\/04\/ziraat-logo-300x52.png 300w\" sizes=\"(max-width: 324px) 100vw, 324px\" \/>                            <\/a>\n                        <\/div>\n                \n                \n                        <div class=\"partner-item\">\n                            <a target=\"_blank\" href=\"https:\/\/www.turkishairlines.com\/\">\n                                <img loading=\"lazy\" decoding=\"async\" width=\"324\" height=\"56\" src=\"https:\/\/maremont.me\/wp-content\/uploads\/2016\/03\/turkish-airlines.png\" class=\"attachment-full size-full wp-post-image\" alt=\"\" srcset=\"https:\/\/maremont.me\/wp-content\/uploads\/2016\/03\/turkish-airlines.png 324w, https:\/\/maremont.me\/wp-content\/uploads\/2016\/03\/turkish-airlines-300x52.png 300w\" sizes=\"(max-width: 324px) 100vw, 324px\" \/>                            <\/a>\n                        <\/div>\n                \n                \n                        <div class=\"partner-item\">\n                            <a target=\"_blank\" href=\"https:\/\/www.generali.me\/\">\n                                <img loading=\"lazy\" decoding=\"async\" width=\"324\" height=\"56\" src=\"https:\/\/maremont.me\/wp-content\/uploads\/2022\/04\/generali-logo.png\" class=\"attachment-full size-full wp-post-image\" alt=\"\" srcset=\"https:\/\/maremont.me\/wp-content\/uploads\/2022\/04\/generali-logo.png 324w, https:\/\/maremont.me\/wp-content\/uploads\/2022\/04\/generali-logo-300x52.png 300w\" sizes=\"(max-width: 324px) 100vw, 324px\" \/>                            <\/a>\n                        <\/div>\n                \n                \n                        <div class=\"partner-item\">\n                            <a target=\"_blank\" href=\"https:\/\/www.uniqa.me\/\">\n                                <img loading=\"lazy\" decoding=\"async\" width=\"324\" height=\"56\" src=\"https:\/\/maremont.me\/wp-content\/uploads\/2022\/04\/UNIQA-logo.png\" class=\"attachment-full size-full wp-post-image\" alt=\"\" srcset=\"https:\/\/maremont.me\/wp-content\/uploads\/2022\/04\/UNIQA-logo.png 324w, https:\/\/maremont.me\/wp-content\/uploads\/2022\/04\/UNIQA-logo-300x52.png 300w\" sizes=\"(max-width: 324px) 100vw, 324px\" \/>                            <\/a>\n                        <\/div>\n                \n                                \n            <\/div><!-- testimonials-slider -->\n        <\/div><!-- testimonials-module -->\n\n\n        [\/vc_column][\/vc_row]<\/p>\n","protected":false},"excerpt":{"rendered":"<p>[vc_row el_class=&#8221;block-maremont&#8221;][vc_column][vc_column_text]Gayrimenkulun al\u0131m\u0131ndan sonra da size yard\u0131mc\u0131 olmaya devam ediyoruz. \u0130htiyac\u0131n\u0131z do\u011frultusunda daireniz, villan\u0131z, ofisiniz ve hatta oteliniz i\u00e7in gerekli sigorta ihtiya\u00e7lar\u0131n\u0131zda \u00e7\u00f6z\u00fcm ortaklar\u0131m\u0131zla birlikte yan\u0131n\u0131zda oluyoruz. \u00c7al\u0131\u015ft\u0131\u011f\u0131m\u0131z \u00e7\u00f6z\u00fcm ortaklar\u0131m\u0131z; UNIQA\u00a0ve\u00a0Generali\u2018dir.[\/vc_column_text][\/vc_column][\/vc_row][vc_row el_class=&#8221;block-maremont&#8221;][vc_column][vc_column_text]\u015eirketimiz Podgorica ve Tivat Havaliman\u0131 transferlerinde ve ara\u00e7 kiralamalar\u0131nda da sizlere yard\u0131mc\u0131 olmaktad\u0131r. Size \u00f6zel transfer i\u015flemleriniz sonucunda sizleri sevdiklerinizle bulu\u015fturmaktan mutluluk duyuyoruz.[\/vc_column_text][\/vc_column][\/vc_row][vc_row el_class=&#8221;block-maremont-slider&#8221;][vc_column][vc_separator][\/vc_column][\/vc_row]<\/p>\n","protected":false},"author":1,"featured_media":0,"parent":16650,"menu_order":0,"comment_status":"closed","ping_status":"closed","template":"template\/template-page.php","meta":{"footnotes":""},"_links":{"self":[{"href":"https:\/\/maremont.me\/tr\/wp-json\/wp\/v2\/pages\/18522"}],"collection":[{"href":"https:\/\/maremont.me\/tr\/wp-json\/wp\/v2\/pages"}],"about":[{"href":"https:\/\/maremont.me\/tr\/wp-json\/wp\/v2\/types\/page"}],"author":[{"embeddable":true,"href":"https:\/\/maremont.me\/tr\/wp-json\/wp\/v2\/users\/1"}],"replies":[{"embeddable":true,"href":"https:\/\/maremont.me\/tr\/wp-json\/wp\/v2\/comments?post=18522"}],"version-history":[{"count":4,"href":"https:\/\/maremont.me\/tr\/wp-json\/wp\/v2\/pages\/18522\/revisions"}],"predecessor-version":[{"id":23216,"href":"https:\/\/maremont.me\/tr\/wp-json\/wp\/v2\/pages\/18522\/revisions\/23216"}],"up":[{"embeddable":true,"href":"https:\/\/maremont.me\/tr\/wp-json\/wp\/v2\/pages\/16650"}],"wp:attachment":[{"href":"https:\/\/maremont.me\/tr\/wp-json\/wp\/v2\/media?parent=18522"}],"curies":[{"name":"wp","href":"https:\/\/api.w.org\/{rel}","templated":true}]}}