{"id":16053,"date":"2020-02-13T16:43:43","date_gmt":"2020-02-13T16:43:43","guid":{"rendered":"https:\/\/default.houzez.co\/?page_id=16053"},"modified":"2026-02-10T18:54:23","modified_gmt":"2026-02-10T18:54:23","slug":"financial-advice","status":"publish","type":"page","link":"https:\/\/maremont.me\/tr\/our-services\/financial-advice\/","title":{"rendered":"Dan\u0131\u015fmanl\u0131k Hizmeti"},"content":{"rendered":"<p>Maremont Real Estate &amp; Construction olarak, m\u00fc\u015fterilerimize yaln\u0131zca gayrimenkul alan\u0131nda de\u011fil, kurumsal ve bireysel yap\u0131lanma s\u00fcre\u00e7lerinde de kapsaml\u0131 destek sunmaktay\u0131z. \u015eirket kurulu\u015fu s\u00fcre\u00e7leri, yasal mevzuata uygun \u015fekilde profesyonel olarak planlanmakta ve y\u00f6netilmektedir. M\u00fc\u015fterilerimize Karada\u011f\u2019daki ticari yap\u0131lar\u0131n hukuki \u00e7er\u00e7evesi hakk\u0131nda \u015feffaf ve do\u011fru bilgilendirme sa\u011flanmaktad\u0131r. Oturma izni (residence permit) ba\u015fvurular\u0131, s\u00fcre\u00e7 y\u00f6netimi ve resmi kurumlarla y\u00fcr\u00fct\u00fclen i\u015flemler profesyonel \u015fekilde koordine edilmektedir. Ba\u015fvuru dosyalar\u0131n\u0131n haz\u0131rlanmas\u0131, evrak y\u00f6netimi ve s\u00fcre\u00e7 takibi u\u00e7tan uca destek modeliyle y\u00fcr\u00fct\u00fcl\u00fcr.<\/p>\n<p>Bunun yan\u0131 s\u0131ra banka hesap a\u00e7\u0131l\u0131\u015f s\u00fcre\u00e7lerinde, kurumsal ve bireysel bankac\u0131l\u0131k i\u015flemleri i\u00e7in y\u00f6nlendirme ve operasyonel destek sa\u011flanmaktad\u0131r. Uluslararas\u0131 bankac\u0131l\u0131k prosed\u00fcrlerine uygun \u015fekilde hesap a\u00e7\u0131l\u0131\u015f s\u00fcre\u00e7leri y\u00f6netilir. Muhasebe ve finansal operasyonlarda ise m\u00fc\u015fterilerimiz g\u00fcvenilir ve kurumsal \u00e7\u00f6z\u00fcm ortaklar\u0131yla bulu\u015fturulmaktad\u0131r. Vergisel s\u00fcre\u00e7ler, mali y\u00fck\u00fcml\u00fcl\u00fckler ve finansal yap\u0131land\u0131rma konular\u0131nda bilgilendirme deste\u011fi sunulmaktad\u0131r.<\/p>\n<p>Maremont Real Estate &amp; Construction, t\u00fcm bu s\u00fcre\u00e7leri entegre bir hizmet modeli i\u00e7erisinde y\u00f6neterek m\u00fc\u015fterilerine g\u00fcvenli, \u015feffaf ve s\u00fcrd\u00fcr\u00fclebilir \u00e7\u00f6z\u00fcmler sunmay\u0131 hedeflemektedir.<\/p>\n","protected":false},"excerpt":{"rendered":"<p>Maremont Real Estate &amp; Construction olarak, m\u00fc\u015fterilerimize yaln\u0131zca gayrimenkul alan\u0131nda de\u011fil, kurumsal ve bireysel yap\u0131lanma s\u00fcre\u00e7lerinde de kapsaml\u0131 destek sunmaktay\u0131z. \u015eirket kurulu\u015fu s\u00fcre\u00e7leri, yasal mevzuata uygun \u015fekilde profesyonel olarak planlanmakta ve y\u00f6netilmektedir. M\u00fc\u015fterilerimize Karada\u011f\u2019daki ticari yap\u0131lar\u0131n hukuki \u00e7er\u00e7evesi hakk\u0131nda \u015feffaf ve do\u011fru bilgilendirme sa\u011flanmaktad\u0131r. Oturma izni (residence permit) ba\u015fvurular\u0131, s\u00fcre\u00e7 y\u00f6netimi ve resmi kurumlarla y\u00fcr\u00fct\u00fclen [&hellip;]<\/p>\n","protected":false},"author":1,"featured_media":22274,"parent":58,"menu_order":0,"comment_status":"closed","ping_status":"closed","template":"template\/template-maremont-page.php","meta":{"footnotes":""},"_links":{"self":[{"href":"https:\/\/maremont.me\/tr\/wp-json\/wp\/v2\/pages\/16053"}],"collection":[{"href":"https:\/\/maremont.me\/tr\/wp-json\/wp\/v2\/pages"}],"about":[{"href":"https:\/\/maremont.me\/tr\/wp-json\/wp\/v2\/types\/page"}],"author":[{"embeddable":true,"href":"https:\/\/maremont.me\/tr\/wp-json\/wp\/v2\/users\/1"}],"replies":[{"embeddable":true,"href":"https:\/\/maremont.me\/tr\/wp-json\/wp\/v2\/comments?post=16053"}],"version-history":[{"count":4,"href":"https:\/\/maremont.me\/tr\/wp-json\/wp\/v2\/pages\/16053\/revisions"}],"predecessor-version":[{"id":25846,"href":"https:\/\/maremont.me\/tr\/wp-json\/wp\/v2\/pages\/16053\/revisions\/25846"}],"up":[{"embeddable":true,"href":"https:\/\/maremont.me\/tr\/wp-json\/wp\/v2\/pages\/58"}],"wp:featuredmedia":[{"embeddable":true,"href":"https:\/\/maremont.me\/tr\/wp-json\/wp\/v2\/media\/22274"}],"wp:attachment":[{"href":"https:\/\/maremont.me\/tr\/wp-json\/wp\/v2\/media?parent=16053"}],"curies":[{"name":"wp","href":"https:\/\/api.w.org\/{rel}","templated":true}]}}